{"id":2783,"date":"2020-09-04T15:42:53","date_gmt":"2020-09-04T15:42:53","guid":{"rendered":"http:\/\/urbanlights.cl\/nuevo\/?post_type=product&#038;p=2783"},"modified":"2020-09-29T23:11:19","modified_gmt":"2020-09-29T23:11:19","slug":"hl2020d","status":"publish","type":"product","link":"https:\/\/urbanlights.cl\/nuevo\/producto\/hl2020d\/","title":{"rendered":"HL2020D"},"content":{"rendered":"<p><strong>FACIL DE USAR Y TRANSPORTAR<\/strong><\/p>\n<p>Una vez enchufada a la corriente, la l\u00e1mpara funciona mediante un control remoto, con el que puedes decidir el tiempo de esterilizaci\u00f3n,15 \/ 30 o 60 minutos, mayor espacio, mayor tiempo a esterilizar.<\/p>\n<p>Cada l\u00e1mpara tiene un temporizador, el que mediante un pitido da el tiempo necesario para abandonar la habitaci\u00f3n antes de prenderse y comenzar su proceso de esterilizaci\u00f3n, una vez acabado este proceso la l\u00e1mpara se apagar\u00e1 autom\u00e1ticamente y la habitaci\u00f3n puede ser ventilada de forma inmediata.<\/p>\n<p>Debido a su liviano peso, la l\u00e1mpara puede ser transportada de una habitaci\u00f3n a la otra sin complejidad, permitiendo la sanitizaci\u00f3n de m\u00e1s de una habitaci\u00f3n en un mismo d\u00eda.<\/p>\n<p><strong>LA CAJA DE CADA LAMPARA CONTIENE<\/strong><\/p>\n<p>1 Manual de instrucciones<\/p>\n<p>1 Control remoto \/ Temporizador<\/p>\n<p>2 Baterias AAA para control remoto<\/p>\n","protected":false},"excerpt":{"rendered":"<p>Esteriliza habitaciones, ba\u00f1os, salas de clases, cl\u00ednicas de todo tipo, locales comerciales, cafeter\u00edas y todo lo que pueda estar dentro de ellas.<\/p>\n<p><strong>Altamente efectiva para eliminar olores<\/strong><\/p>\n","protected":false},"featured_media":2781,"comment_status":"open","ping_status":"closed","template":"","meta":[],"product_cat":[64],"product_tag":[],"_links":{"self":[{"href":"https:\/\/urbanlights.cl\/nuevo\/wp-json\/wp\/v2\/product\/2783"}],"collection":[{"href":"https:\/\/urbanlights.cl\/nuevo\/wp-json\/wp\/v2\/product"}],"about":[{"href":"https:\/\/urbanlights.cl\/nuevo\/wp-json\/wp\/v2\/types\/product"}],"replies":[{"embeddable":true,"href":"https:\/\/urbanlights.cl\/nuevo\/wp-json\/wp\/v2\/comments?post=2783"}],"wp:featuredmedia":[{"embeddable":true,"href":"https:\/\/urbanlights.cl\/nuevo\/wp-json\/wp\/v2\/media\/2781"}],"wp:attachment":[{"href":"https:\/\/urbanlights.cl\/nuevo\/wp-json\/wp\/v2\/media?parent=2783"}],"wp:term":[{"taxonomy":"product_cat","embeddable":true,"href":"https:\/\/urbanlights.cl\/nuevo\/wp-json\/wp\/v2\/product_cat?post=2783"},{"taxonomy":"product_tag","embeddable":true,"href":"https:\/\/urbanlights.cl\/nuevo\/wp-json\/wp\/v2\/product_tag?post=2783"}],"curies":[{"name":"wp","href":"https:\/\/api.w.org\/{rel}","templated":true}]}}