{"id":2885,"date":"2020-09-14T11:31:26","date_gmt":"2020-09-14T11:31:26","guid":{"rendered":"http:\/\/urbanlights.cl\/nuevo\/?post_type=product&#038;p=2885"},"modified":"2020-09-29T23:10:35","modified_gmt":"2020-09-29T23:10:35","slug":"lampara-portatil-urban-lights","status":"publish","type":"product","link":"https:\/\/urbanlights.cl\/nuevo\/producto\/lampara-portatil-urban-lights\/","title":{"rendered":"LAMPARA PORTATIL URBAN LIGHTS"},"content":{"rendered":"<p><strong>FACIL DE USAR Y TRANSPORTAR<\/strong><\/p>\n<p>Haz un click y listo, la luz se prende inmediatamente, esterilizando de forma efectiva y r\u00e1pida.<\/p>\n<p>Para cargarla puedes hacerlo con su cable conectado a un USB.<\/p>\n<p>Para un uso efectivo s\u00f3lo debes hacer un suave escaneo sobre la superficie u objeto a esterilizar exponiendo la luz entre 9 a 20 segundos.<\/p>\n<p>Por su tama\u00f1o y peso, la l\u00e1mpara port\u00e1til de urban Lights puedes llevarla en tu bolso, cartera, bolsillo, o donde quieras.<\/p>\n<p><strong>LA CAJA DE CADA LAMPARA CONTIENE<\/strong><\/p>\n<ul>\n<li>1 Manual de instrucciones<\/li>\n<li>1Cable de carga USV<\/li>\n<li>1Estuche para guardado<\/li>\n<li>1Correa<\/li>\n<\/ul>\n","protected":false},"excerpt":{"rendered":"<p>Esteriliza superficies, objetos, ropa, suela de zapatos y hasta comidas, frutas y verduras.<\/p>\n<p><strong>Altamente Transportable y de f\u00e1cil uso.<\/strong><\/p>\n","protected":false},"featured_media":2777,"comment_status":"open","ping_status":"closed","template":"","meta":[],"product_cat":[64],"product_tag":[],"_links":{"self":[{"href":"https:\/\/urbanlights.cl\/nuevo\/wp-json\/wp\/v2\/product\/2885"}],"collection":[{"href":"https:\/\/urbanlights.cl\/nuevo\/wp-json\/wp\/v2\/product"}],"about":[{"href":"https:\/\/urbanlights.cl\/nuevo\/wp-json\/wp\/v2\/types\/product"}],"replies":[{"embeddable":true,"href":"https:\/\/urbanlights.cl\/nuevo\/wp-json\/wp\/v2\/comments?post=2885"}],"wp:featuredmedia":[{"embeddable":true,"href":"https:\/\/urbanlights.cl\/nuevo\/wp-json\/wp\/v2\/media\/2777"}],"wp:attachment":[{"href":"https:\/\/urbanlights.cl\/nuevo\/wp-json\/wp\/v2\/media?parent=2885"}],"wp:term":[{"taxonomy":"product_cat","embeddable":true,"href":"https:\/\/urbanlights.cl\/nuevo\/wp-json\/wp\/v2\/product_cat?post=2885"},{"taxonomy":"product_tag","embeddable":true,"href":"https:\/\/urbanlights.cl\/nuevo\/wp-json\/wp\/v2\/product_tag?post=2885"}],"curies":[{"name":"wp","href":"https:\/\/api.w.org\/{rel}","templated":true}]}}