{"id":2886,"date":"2020-09-14T11:36:45","date_gmt":"2020-09-14T11:36:45","guid":{"rendered":"http:\/\/urbanlights.cl\/nuevo\/?post_type=product&#038;p=2886"},"modified":"2022-02-21T02:46:25","modified_gmt":"2022-02-21T02:46:25","slug":"lampara-urban-lights-mobile","status":"publish","type":"product","link":"https:\/\/urbanlights.cl\/nuevo\/producto\/lampara-urban-lights-mobile\/","title":{"rendered":"LAMPARA URBAN LIGHTS M\u00d3VIL"},"content":{"rendered":"<p><strong>FACIL DE USAR Y TRANSPORTAR<br \/>\n<\/strong>S\u00f3lo necesitas conectarla a la entrada de carga de tu tel\u00e9fono m\u00f3vil.<\/p>\n<p>Su tama\u00f1o permite ser transportados en bolsillos, billeteras cosmetiqueros, etc.<\/p>\n<p><strong>LA CAJA DE CADA LAMPARA CONTIENE<br \/>\n<\/strong>1 L\u00e1mpara USB UL<\/p>\n","protected":false},"excerpt":{"rendered":"<p>Con\u00e9ctala a tu tel\u00e9fono m\u00f3vil y esteriliza botoneras de cajeros autom\u00e1ticos, ascensores, vasos de caf\u00e9, comida, frutas, verduras y todo lo que tu quieras.<\/p>\n<p><strong>Esteriliza de forma directa sobre cualquier superficie u objeto.<\/strong><\/p>\n","protected":false},"featured_media":2890,"comment_status":"open","ping_status":"closed","template":"","meta":[],"product_cat":[64],"product_tag":[],"_links":{"self":[{"href":"https:\/\/urbanlights.cl\/nuevo\/wp-json\/wp\/v2\/product\/2886"}],"collection":[{"href":"https:\/\/urbanlights.cl\/nuevo\/wp-json\/wp\/v2\/product"}],"about":[{"href":"https:\/\/urbanlights.cl\/nuevo\/wp-json\/wp\/v2\/types\/product"}],"replies":[{"embeddable":true,"href":"https:\/\/urbanlights.cl\/nuevo\/wp-json\/wp\/v2\/comments?post=2886"}],"wp:featuredmedia":[{"embeddable":true,"href":"https:\/\/urbanlights.cl\/nuevo\/wp-json\/wp\/v2\/media\/2890"}],"wp:attachment":[{"href":"https:\/\/urbanlights.cl\/nuevo\/wp-json\/wp\/v2\/media?parent=2886"}],"wp:term":[{"taxonomy":"product_cat","embeddable":true,"href":"https:\/\/urbanlights.cl\/nuevo\/wp-json\/wp\/v2\/product_cat?post=2886"},{"taxonomy":"product_tag","embeddable":true,"href":"https:\/\/urbanlights.cl\/nuevo\/wp-json\/wp\/v2\/product_tag?post=2886"}],"curies":[{"name":"wp","href":"https:\/\/api.w.org\/{rel}","templated":true}]}}